{"id":18,"date":"2022-12-23T15:50:43","date_gmt":"2022-12-23T14:50:43","guid":{"rendered":"https:\/\/cats.helary.net\/?page_id=18"},"modified":"2022-12-23T15:50:43","modified_gmt":"2022-12-23T14:50:43","slug":"lunivers-de-cats-la-mascarade","status":"publish","type":"page","link":"https:\/\/cats.helary.net\/index.php\/lunivers-de-cats-la-mascarade\/","title":{"rendered":"L&#8217;univers de Cats! La Mascarade."},"content":{"rendered":"\n<p><\/p>\n\n\n\n<div class=\"wp-block-media-text alignwide is-stacked-on-mobile\"><figure class=\"wp-block-media-text__media\"><img loading=\"lazy\" decoding=\"async\" width=\"600\" height=\"400\" src=\"https:\/\/cats.helary.net\/wp-content\/uploads\/2022\/12\/642_iegP-3sny1Lnp_ud6Asar9nrSc_b.jpeg\" alt=\"\" class=\"wp-image-11 size-full\" srcset=\"https:\/\/cats.helary.net\/wp-content\/uploads\/2022\/12\/642_iegP-3sny1Lnp_ud6Asar9nrSc_b.jpeg 600w, https:\/\/cats.helary.net\/wp-content\/uploads\/2022\/12\/642_iegP-3sny1Lnp_ud6Asar9nrSc_b-300x200.jpeg 300w\" sizes=\"auto, (max-width: 600px) 100vw, 600px\" \/><\/figure><div class=\"wp-block-media-text__content\">\n<h2 class=\"wp-block-heading\"><strong>Nous ne sommes pas les seuls \u00eatres intelligents sur Terre, loin de l\u00e0 !<\/strong> <\/h2>\n\n\n\n<p>Depuis des mill\u00e9naires, l&#8217;humanit\u00e9 est berc\u00e9e d&#8217;illusions sur la conscience, l&#8217;\u00e9veil et croit tout naturellement qu&#8217;elle seule est dou\u00e9e de conscience.<\/p>\n<\/div><\/div>\n\n\n\n<p class=\"has-text-align-left\">Les chats !! Ces petits \u00eatres mignons, tout doux et qui nous m\u00e8nent par le bout du nez, ce sont eux les vrais \u00eatres intelligents de la plan\u00e8te !! Ils sont sur cette plan\u00e8te depuis des milliers d&#8217;ann\u00e9es ! Certains d&#8217;entre eux ont eu l&#8217;id\u00e9e g\u00e9niale de modifier le patrimoine g\u00e9n\u00e9tique des primates pour en faire des esclaves g\u00e9n\u00e9tiques d\u00e9vou\u00e9s et semi-intelligents &#8230; Nous, les \u00eatres humains !<\/p>\n\n\n\n<p>Vous allez me dire que ca n&#8217;est pas possible ! Que nous sommes trop intelligents pour nous laisser manipuler de la sorte. Que les chats ne sont pas aussi intelligents que ca ! Qu&#8217;il existe des \u00e9l\u00e9ments datant de milliers d&#8217;ann\u00e9es prouvant que nous sommes la race intelligente sur Terre&#8230;<\/p>\n\n\n\n<p>En \u00eates vous si s\u00fbr ? A aucun moment, vous ne vous \u00eates demand\u00e9s, pourquoi mon chat me fait faire ce qu&#8217;il veut ? Ces preuves mat\u00e9rielles sont elles vraies ? Est ce que nos gentils petits f\u00e9lins ne sont que des animaux sans conscience ?<\/p>\n\n\n\n<p>Les chats, apr\u00e8s avoir cr\u00e9er leurs esclaves se sont install\u00e9s paisiblement sur une \u00eele au fin fond de l&#8217;atlantique, mais un jour un f\u00e9lin scientifique \u00e0 modifi\u00e9, par erreur, l&#8217;orbite de la Lune, causant un gigantesque raz de mar\u00e9e, d\u00e9truisant ainsi la ville que les esclaves g\u00e9n\u00e9tiques des chats avait construit pour eux : l&#8217;Atlantide !<\/p>\n\n\n\n<figure class=\"wp-block-image size-large\"><img decoding=\"async\" src=\"https:\/\/lescultivores.com\/wp-content\/uploads\/2020\/06\/atlantide-profondeurs.jpg\" alt=\"\"\/><\/figure>\n\n\n\n<p>Les rescap\u00e9s de cette apocalypse, se retrouv\u00e8rent sur les continents qu&#8217;ils avaient d\u00e9sert\u00e9s pour s&#8217;apercevoir que les humains qu&#8217;ils avaient abandonn\u00e9s l\u00e0 des si\u00e8cles durant, avaient \u00e9volu\u00e9s, acquis leur conscience propre et une dangereuse intelligence qui pourrait les amener \u00e0 se rebeller !!<\/p>\n\n\n\n<ul class=\"wp-block-list\">\n<li>&#8220;C&#8217;est hors de question! &#8221; s&#8217;exclam\u00e8rent les rescap\u00e9s.<\/li>\n\n\n\n<li>&#8220;Comment s&#8217;assurer de l&#8217;ob\u00e9issance des nos esclaves ? Avec cette nouvelle conscience et leur physiologie, nous ne serons plus les maitres !&#8221;<\/li>\n<\/ul>\n\n\n\n<p>Les chats blemirent \u00e0 cette id\u00e9e : plus d&#8217;esclaves pour leur pr\u00e9parer les repas, nettoyer leur lit\u00e8re, les cajoler, les r\u00e9chauffer en se couchant dessus, maintenir le chauffage en marche &#8230; Tous commenc\u00e8rent \u00e0 paniquer !<\/p>\n\n\n\n<ul class=\"wp-block-list\">\n<li>&#8220;Et si nos esclaves n&#8217;avaient pas conscience d&#8217;\u00eatre des esclaves justement ? Pas de conscience, pas de rebellion ?&#8221; dit l&#8217;un des matous subitement inspir\u00e9.<\/li>\n<\/ul>\n\n\n\n<p>C&#8217;est ainsi qu&#8217;est n\u00e9e la Mascarade :  nos amis f\u00e9lins \u00e9veill\u00e9s nous r\u00e9duisent depuis des si\u00e8cles en esclavage, tout en nous maintenant dans l&#8217;ignorance que nous sommes justement leurs esclaves ! Ne dit-on pas que nous sommes les humains de nos amis a poils plut\u00f4t que leurs maitres ?<\/p>\n\n\n\n<p><strong>Cats! La Mascarade se d\u00e9roule dans notre univers contemporain en partant de ce postulat, nous sommes nous les humains les descendants des anciens esclaves g\u00e9n\u00e9tiques au service des chats.<\/strong><\/p>\n","protected":false},"excerpt":{"rendered":"<div class=\"entry-summary\">\nNous ne sommes pas les seuls \u00eatres intelligents sur Terre, loin de l\u00e0 ! Depuis des mill\u00e9naires, l&#8217;humanit\u00e9 est berc\u00e9e d&#8217;illusions sur la conscience, l&#8217;\u00e9veil et croit tout naturellement qu&#8217;elle seule est dou\u00e9e de conscience. Les chats !! Ces petits \u00eatres mignons, tout doux et qui nous m\u00e8nent par le bout du nez, ce sont&hellip;\n<\/div>\n<div class=\"link-more\"><a href=\"https:\/\/cats.helary.net\/index.php\/lunivers-de-cats-la-mascarade\/\" class=\"more-link\">Continue reading<span class=\"screen-reader-text\"> &ldquo;L&#8217;univers de Cats! La Mascarade.&rdquo;<\/span>&hellip;<\/a><\/div>\n","protected":false},"author":1,"featured_media":11,"parent":0,"menu_order":0,"comment_status":"closed","ping_status":"closed","template":"","meta":{"footnotes":""},"class_list":["post-18","page","type-page","status-publish","has-post-thumbnail","hentry","entry"],"_links":{"self":[{"href":"https:\/\/cats.helary.net\/index.php\/wp-json\/wp\/v2\/pages\/18","targetHints":{"allow":["GET"]}}],"collection":[{"href":"https:\/\/cats.helary.net\/index.php\/wp-json\/wp\/v2\/pages"}],"about":[{"href":"https:\/\/cats.helary.net\/index.php\/wp-json\/wp\/v2\/types\/page"}],"author":[{"embeddable":true,"href":"https:\/\/cats.helary.net\/index.php\/wp-json\/wp\/v2\/users\/1"}],"replies":[{"embeddable":true,"href":"https:\/\/cats.helary.net\/index.php\/wp-json\/wp\/v2\/comments?post=18"}],"version-history":[{"count":4,"href":"https:\/\/cats.helary.net\/index.php\/wp-json\/wp\/v2\/pages\/18\/revisions"}],"predecessor-version":[{"id":29,"href":"https:\/\/cats.helary.net\/index.php\/wp-json\/wp\/v2\/pages\/18\/revisions\/29"}],"wp:featuredmedia":[{"embeddable":true,"href":"https:\/\/cats.helary.net\/index.php\/wp-json\/wp\/v2\/media\/11"}],"wp:attachment":[{"href":"https:\/\/cats.helary.net\/index.php\/wp-json\/wp\/v2\/media?parent=18"}],"curies":[{"name":"wp","href":"https:\/\/api.w.org\/{rel}","templated":true}]}}